{"id":421,"date":"2011-11-21T12:43:41","date_gmt":"2011-11-21T12:43:41","guid":{"rendered":"http:\/\/alexandrairimia.com\/?page_id=421"},"modified":"2012-07-27T15:18:48","modified_gmt":"2012-07-27T13:18:48","slug":"servicii-turistice","status":"publish","type":"page","link":"https:\/\/alexandrairimia.com\/ro\/servicii-turistice\/","title":{"rendered":"Servicii turistice"},"content":{"rendered":"<p>[tab name=&#8217;Ghidaje turistice&#8217;]<br \/>\n<strong>Asisten\u021b\u0103 turistic\u0103 (consultan\u021b\u0103 turistic\u0103 \u0219i ghidaje na\u021bionale \u00een limbile Englez\u0103 \u2013 Spaniol\u0103 \u2013 Catalan\u0103 \u2013 Rom\u00e2n\u0103) pentru turi\u0219ti, c\u0103l\u0103torii de afaceri \u0219i delega\u021bii, training-uri \u0219i conferin\u021be, evenimente culturale&#8230;<\/strong><\/p>\n<h3><strong> \u2022 Bine a\u021bi venit la Timi\u0219oara!<\/strong><\/h3>\n<p style=\"text-align: justify;\"><img loading=\"lazy\" decoding=\"async\" class=\"size-full wp-image-204 alignright\" style=\"margin-top: -100px;\" title=\"Alexandra\" src=\"http:\/\/alexandrairimia.com\/wp-content\/uploads\/2011\/11\/alexandra1.png\" alt=\"Alexandra\" width=\"223\" height=\"448\" align=\"right\" srcset=\"https:\/\/alexandrairimia.com\/wp-content\/uploads\/2011\/11\/alexandra1.png 318w, https:\/\/alexandrairimia.com\/wp-content\/uploads\/2011\/11\/alexandra1-149x300.png 149w\" sizes=\"auto, (max-width: 223px) 100vw, 223px\" \/> Timi\u0219oara, ora\u0219ul florilor, ora\u0219ul parcurilor, al trandafirilor, ora\u0219 martir, Mica Vien\u0103, se \u00eentinde \u00een partea de vest a Rom\u00e2niei \u0219i se bucur\u0103 de o importan\u021b\u0103 considerabil\u0103 datorit\u0103 dezvolt\u0103rii sale economice, a culturii \u0219i cosmopolotismului de care e p\u0103truns\u0103 urbea. \u00cens\u0103, mai presus de toate, Timi\u0219oara nu este doar un ora\u0219, ci o stare de spirit. Ghidajele mele turistice sunt concepute astfel \u00eenc\u00e2t s\u0103 reflecte tocmai aceast\u0103 realitate. Mai mult, acestea sunt adaptate nevoilor fiec\u0103rui client, fie el individual sau un grup. \u00cen calitate de ghid turistic atestat la nivel na\u021bional, m\u0103 simt onorat\u0103 \u0219i \u00eenc\u00e2ntat\u0103, \u00een acela\u0219i timp, s\u0103 v\u0103 pot purta pe str\u0103zile fermec\u0103toarei noastre Timi\u0219oara, a c\u0103rei valoare o cunosc prea pu\u021bin turi\u0219ti \u0219i, de ce nu, prea pu\u021bin localnici.<br \/>\nPermite\u021bi-mi s\u0103 v\u0103 \u00een\u0219irui ca pe o \u0219ireag de m\u0103rgele, principalele premiere istorice pentru care este renumit\u0103 Timi\u0219oara: primul ora\u0219 european cu str\u0103zile iluminate electric, Timi\u0219oara a g\u0103zduit prima bibliotec\u0103 public\u0103 din Imperiul Habsburgic \u0219i din Regatul Maghiar \u0219i a fost, de asemenea, primul ora\u0219 liber de comunism din Rom\u00e2nia.<br \/>\nAfla\u021bi detalii despre mo\u0219tenirea istoric\u0103 \u0219i cultural\u0103 a Timi\u0219oarei \u0219i observa\u021bi felul \u00een care localnicii \u00eei pre\u021buiesc caracterul multicultural \u0219i intercultural.<br \/>\nPorni\u021bi \u00eentr-o aventur\u0103\u00a0cu caiacul sau cu barca pe R\u00e2ul Bega.<br \/>\nGusta\u021bi berea noastr\u0103 local\u0103 \u0219i tr\u0103i\u021bi via\u021ba de noapte a\u0219a cum o face un timi\u0219orean: \u00eenscrie\u021bi-v\u0103 \u00een &#8220;pub crawl&#8221;-ul meu (ghidaj al barurilor) \u0219i haide\u021bi s\u0103 ne \u00eendrept\u0103m c\u0103tre cele mai alternative locuri de petrecut timpul liber. \u0218i, dac\u0103 tot vine vorba de b\u0103utur\u0103, v\u0103 invit s\u0103 gusta\u021bi \u0219i bucatele tradi\u021bionale b\u0103n\u0103\u021bene\u0219ti, g\u0103tite ca la bunica acas\u0103.<br \/>\nHaide\u021bi s\u0103 p\u0103\u0219im \u00eempreun\u0103 pe urmele eroilor revolu\u021biei anti-comuniste, pe care \u00eei onor\u0103m \u0219i c\u0103rora le dator\u0103m libertatea de care ast\u0103zi ne bucur\u0103m.<br \/>\nNu rata\u021bi \u0219ansa de a participa la o degustare de vinuri locale, la renumitele crame din apropierea Timi\u0219oarei.<\/p>\n<p>Pentru o descriere mai detaliat\u0103 a unor din tururile de ora\u0219 pe care le organizez, face\u021bi click pe <strong>PDF-urile de mai jos<\/strong>.<\/p>\n<p>&nbsp;<\/p>\n<p><a href=\"http:\/\/alexandrairimia.com\/PDF\/pdf_web_en_classic_rates.pdf\" target=\"_blank\"><img loading=\"lazy\" decoding=\"async\" class=\"alignnone size-full wp-image-213\" style=\"border: 0pt none;\" title=\"pdf3\" src=\"http:\/\/alexandrairimia.com\/wp-content\/uploads\/2011\/11\/pdf3.png\" alt=\"\" width=\"301\" height=\"151\" \/><\/a>\u00a0 \u00a0<a href=\"http:\/\/alexandrairimia.com\/PDF\/pdf_en_revolution.pdf\" target=\"_blank\"><img loading=\"lazy\" decoding=\"async\" class=\"alignnone size-full wp-image-212\" style=\"border: 0pt none;\" title=\"pdf2\" src=\"http:\/\/alexandrairimia.com\/wp-content\/uploads\/2011\/11\/pdf2.png\" alt=\"\" width=\"301\" height=\"151\" \/><\/a>\u00a0 \u00a0<a href=\"http:\/\/alexandrairimia.com\/PDF\/pdf_en_pub%20crawl.pdf\" target=\"_blank\"><img loading=\"lazy\" decoding=\"async\" style=\"border: 0pt none;\" title=\"Timisoara Pub Crawl\" src=\"http:\/\/alexandrairimia.com\/wp-content\/uploads\/2011\/11\/pdf1.png\" alt=\"Timisoara Pub Crawl\" width=\"301\" height=\"151\" \/><\/a><\/p>\n<h3><strong>\u2022 Bine a\u021bi venit \u00een Rom\u00e2nia!<\/strong><\/h3>\n<p style=\"text-align: justify;\">La cerere, v\u0103 putem organiza <span style=\"color: #000000;\"><a title=\"Via Transylvania Tours\" href=\"http:\/\/www.viatransylvania.com\/guides-and-partners.html\" target=\"_blank\"><span style=\"color: #000000;\"><strong>ghidaje \u0219i pachete turistice la nivel na\u021bional<\/strong><\/span><\/a><\/span>, fie pe o rut\u0103 aleas\u0103 de dumneavoastr\u0103 sau pe un itinerariu mai pu\u021bin obi\u0219nuit \u0219i mai pu\u021bin c\u0103lcat de turi\u0219ti, mai autentic, pe care vi-l putem sugera, \u00een func\u021bie de interesele \u0219i timpul pe care \u00eel ave\u021bi la dispozi\u021bie.<strong><\/strong><\/p>\n<p style=\"text-align: justify;\">Printre serviciile pe care vi le punem la dispozi\u021bie se num\u0103r\u0103 \u0219i cel de\u00a0<strong><\/strong><strong>consultan\u021b\u0103 turistic\u0103 \u0219i sprijin pentru info trips<\/strong> pentru tour operatorii interesa\u021bi s\u0103 contacteze agen\u021biile de turism din Rom\u00e2nia \u00een vederea cre\u0103rii de pachete turistice cu aceast\u0103 destina\u021bie.<\/p>\n<p>&nbsp;<\/p>\n<p>&nbsp;<\/p>\n<p>&nbsp;<\/p>\n<p>[\/tab]<\/p>\n<p>[tab name=&#8217;Galerie Foto&#8217;]<\/p>\n<p>[iframe scrolling=&#8221;no&#8221; frameborder=&#8221;0&#8243; width=&#8221;920&#8243; \u00a0src=&#8221;http:\/\/alexandrairimia.com\/gallery\/&#8221;]<\/p>\n<p>[\/tab]<\/p>\n<p>[tab name=&#8217;Evenimente&#8217;]<\/p>\n<p>[catlist name=webie ]<\/p>\n<p>[\/tab]<br \/>\n[end_tabset]<\/p>\n","protected":false},"excerpt":{"rendered":"<p>[tab name=&#8217;Ghidaje turistice&#8217;] Asisten\u021b\u0103 turistic\u0103 (consultan\u021b\u0103 turistic\u0103 \u0219i ghidaje na\u021bionale \u00een limbile Englez\u0103 \u2013 Spaniol\u0103 \u2013 Catalan\u0103 \u2013 Rom\u00e2n\u0103) pentru turi\u0219ti, c\u0103l\u0103torii de afaceri \u0219i delega\u021bii, training-uri \u0219i conferin\u021be, evenimente culturale&#8230; \u2022 Bine a\u021bi venit la Timi\u0219oara! Timi\u0219oara, ora\u0219ul florilor, ora\u0219ul parcurilor, al trandafirilor, ora\u0219 martir, Mica Vien\u0103, se \u00eentinde \u00een partea de vest a [&hellip;]<\/p>\n","protected":false},"author":1,"featured_media":0,"parent":0,"menu_order":1,"comment_status":"open","ping_status":"closed","template":"","meta":{"ngg_post_thumbnail":0,"footnotes":""},"class_list":["post-421","page","type-page","status-publish","hentry"],"_links":{"self":[{"href":"https:\/\/alexandrairimia.com\/ro\/wp-json\/wp\/v2\/pages\/421","targetHints":{"allow":["GET"]}}],"collection":[{"href":"https:\/\/alexandrairimia.com\/ro\/wp-json\/wp\/v2\/pages"}],"about":[{"href":"https:\/\/alexandrairimia.com\/ro\/wp-json\/wp\/v2\/types\/page"}],"author":[{"embeddable":true,"href":"https:\/\/alexandrairimia.com\/ro\/wp-json\/wp\/v2\/users\/1"}],"replies":[{"embeddable":true,"href":"https:\/\/alexandrairimia.com\/ro\/wp-json\/wp\/v2\/comments?post=421"}],"version-history":[{"count":9,"href":"https:\/\/alexandrairimia.com\/ro\/wp-json\/wp\/v2\/pages\/421\/revisions"}],"predecessor-version":[{"id":449,"href":"https:\/\/alexandrairimia.com\/ro\/wp-json\/wp\/v2\/pages\/421\/revisions\/449"}],"wp:attachment":[{"href":"https:\/\/alexandrairimia.com\/ro\/wp-json\/wp\/v2\/media?parent=421"}],"curies":[{"name":"wp","href":"https:\/\/api.w.org\/{rel}","templated":true}]}}