{"id":401,"date":"2011-07-14T17:54:41","date_gmt":"2011-07-14T15:54:41","guid":{"rendered":"http:\/\/alexandrairimia.com\/?page_id=401"},"modified":"2021-10-05T16:49:51","modified_gmt":"2021-10-05T14:49:51","slug":"home","status":"publish","type":"page","link":"https:\/\/alexandrairimia.com\/ro\/","title":{"rendered":"Despre mine"},"content":{"rendered":"\t\t<div data-elementor-type=\"wp-post\" data-elementor-id=\"401\" class=\"elementor elementor-401\">\n\t\t\t\t\t\t\t\t\t<section class=\"elementor-section elementor-top-section elementor-element elementor-element-4327fab elementor-section-boxed elementor-section-height-default elementor-section-height-default\" data-id=\"4327fab\" data-element_type=\"section\">\n\t\t\t\t\t\t<div class=\"elementor-container elementor-column-gap-default\">\n\t\t\t\t\t<div class=\"elementor-column elementor-col-100 elementor-top-column elementor-element elementor-element-ccd42b2\" data-id=\"ccd42b2\" data-element_type=\"column\">\n\t\t\t<div class=\"elementor-widget-wrap elementor-element-populated\">\n\t\t\t\t\t\t\t\t<div class=\"elementor-element elementor-element-3b79bb1a elementor-widget elementor-widget-text-editor\" data-id=\"3b79bb1a\" data-element_type=\"widget\" data-widget_type=\"text-editor.default\">\n\t\t\t\t<div class=\"elementor-widget-container\">\n\t\t\t<style>\/*! elementor - v3.12.1 - 02-04-2023 *\/\n.elementor-widget-text-editor.elementor-drop-cap-view-stacked .elementor-drop-cap{background-color:#69727d;color:#fff}.elementor-widget-text-editor.elementor-drop-cap-view-framed .elementor-drop-cap{color:#69727d;border:3px solid;background-color:transparent}.elementor-widget-text-editor:not(.elementor-drop-cap-view-default) .elementor-drop-cap{margin-top:8px}.elementor-widget-text-editor:not(.elementor-drop-cap-view-default) .elementor-drop-cap-letter{width:1em;height:1em}.elementor-widget-text-editor .elementor-drop-cap{float:left;text-align:center;line-height:1;font-size:50px}.elementor-widget-text-editor .elementor-drop-cap-letter{display:inline-block}<\/style>\t\t\t\t<div id=\"alexandra\">\u00a0<\/div><div id=\"container\"><div id=\"left-div\"><div id=\"left-inside\"><p><!--Start Post--><\/p><div class=\"post-wrapper\"><div style=\"clear: both;\">\u00a0<\/div><div style=\"clear: both;\">\u00a0<\/div><\/div><\/div><div id=\"right-inside\">\u00a0<\/div><div id=\"middle-bottom\"><h3><strong>DESPRE MINE<\/strong><\/h3><p>Numele meu este Alexandra Irimia. Sunt absolvent de \u0219tiin\u021be politice \u0219i comunicare \u0219i am, de asemenea, o diplom\u0103 de master \u00een imigra\u021bie \u0219i educa\u021bie intercultural\u0103 emis\u0103 de Universitatea din Barcelona, Spania.<\/p><p>\u00cen prezent locuiesc \u00een Timi\u0219oara (Rom\u00e2nia) frumoas\u0103, dar necunoscut\u0103, dup\u0103 un sejur de 3 ani \u00een Spania \u0219i o experien\u021b\u0103 \u00eembog\u0103\u021bitoare ca voluntar SVE, dar \u0219i ca mediator intercultural, traduc\u0103tor \u0219i interpret pentru Serviciile Sociale \u0219i Justi\u021bie spaniole. Departamentul Guvernului catalan.<\/p><p>\u00cenc\u0103 c\u0103l\u0103tor dornic \u0219i vorbitor de limbi str\u0103ine, lucrez acum ca traduc\u0103tor independent, interpret (spaniol\u0103, catalan\u0103, englez\u0103 \u0219i rom\u00e2n\u0103), ghid turistic na\u021bional autorizat \u0219i consultant turistic pentru agen\u021bii de turism.<\/p><p style=\"text-align: justify;\">V\u0103 rog s\u0103 nu ezita\u021bi s\u0103 verifica\u021bi <strong>portofoliul<\/strong> \u0219i <strong>serviciile<\/strong> mele.<\/p><\/div><\/div><p><!--Begin Sidebar--><\/p><div id=\"sidebar\">\u00a0<\/div><\/div>\t\t\t\t\t\t<\/div>\n\t\t\t\t<\/div>\n\t\t\t\t\t<\/div>\n\t\t<\/div>\n\t\t\t\t\t\t\t<\/div>\n\t\t<\/section>\n\t\t\t\t\t\t\t<\/div>\n\t\t","protected":false},"excerpt":{"rendered":"<p>\u00a0 \u00a0\u00a0\u00a0 DESPRE MINE Numele meu este Alexandra Irimia. Sunt absolvent de \u0219tiin\u021be politice \u0219i comunicare \u0219i am, de asemenea, o diplom\u0103 de master \u00een imigra\u021bie \u0219i educa\u021bie intercultural\u0103 emis\u0103 de Universitatea din Barcelona, Spania. \u00cen prezent locuiesc \u00een Timi\u0219oara (Rom\u00e2nia) frumoas\u0103, dar necunoscut\u0103, dup\u0103 un sejur de 3 ani \u00een Spania \u0219i o experien\u021b\u0103 [&hellip;]<\/p>\n","protected":false},"author":1,"featured_media":0,"parent":0,"menu_order":0,"comment_status":"open","ping_status":"open","template":"","meta":{"ngg_post_thumbnail":0,"footnotes":""},"class_list":["post-401","page","type-page","status-publish","hentry"],"_links":{"self":[{"href":"https:\/\/alexandrairimia.com\/ro\/wp-json\/wp\/v2\/pages\/401","targetHints":{"allow":["GET"]}}],"collection":[{"href":"https:\/\/alexandrairimia.com\/ro\/wp-json\/wp\/v2\/pages"}],"about":[{"href":"https:\/\/alexandrairimia.com\/ro\/wp-json\/wp\/v2\/types\/page"}],"author":[{"embeddable":true,"href":"https:\/\/alexandrairimia.com\/ro\/wp-json\/wp\/v2\/users\/1"}],"replies":[{"embeddable":true,"href":"https:\/\/alexandrairimia.com\/ro\/wp-json\/wp\/v2\/comments?post=401"}],"version-history":[{"count":19,"href":"https:\/\/alexandrairimia.com\/ro\/wp-json\/wp\/v2\/pages\/401\/revisions"}],"predecessor-version":[{"id":1631,"href":"https:\/\/alexandrairimia.com\/ro\/wp-json\/wp\/v2\/pages\/401\/revisions\/1631"}],"wp:attachment":[{"href":"https:\/\/alexandrairimia.com\/ro\/wp-json\/wp\/v2\/media?parent=401"}],"curies":[{"name":"wp","href":"https:\/\/api.w.org\/{rel}","templated":true}]}}