{"id":315,"date":"2012-01-08T12:40:36","date_gmt":"2012-01-08T12:40:36","guid":{"rendered":"http:\/\/alexandrairimia.com\/?page_id=315"},"modified":"2012-07-21T23:57:33","modified_gmt":"2012-07-21T21:57:33","slug":"servicios-tur%c3%adsticos","status":"publish","type":"page","link":"https:\/\/alexandrairimia.com\/es\/servicios-tur%c3%adsticos\/","title":{"rendered":"Servicios Tur\u00edsticos"},"content":{"rendered":"<p>[tab name=&#8217;Visitas Gu\u00edadas&#8217;]<br \/>\n<strong><\/strong><strong>Asistencia tur\u00edstica (asesoramiento tur\u00edstico y visitas guiadas a nivel nacional en Ingl\u00e9s \u2013 Castellano \u2013 Catal\u00e1n \u2013 Rumano) para turistas, viajes de negocios, cursos y conferencias, eventos culturales\u2026<\/strong><\/p>\n<h3><strong> \u2022 \u00a1 Bienvenidos a Timi\u0219oara!<\/strong><img loading=\"lazy\" decoding=\"async\" title=\"Alexandra\" src=\"http:\/\/alexandrairimia.com\/wp-content\/uploads\/2011\/11\/alexandra1.png\" alt=\"Alexandra\" width=\"223\" height=\"448\" align=\"right\" \/><\/h3>\n<p style=\"text-align: justify;\">\u00a0Timi\u0219oara, <em>ciudad de las flores<\/em>, <em>ciudad de los parques<\/em>, <em>ciudad de las rosas<\/em>, <em>ciudad <\/em><em>m\u00e1rtir<\/em>, <em>Peque\u00f1a Viena<\/em>, se encuentra en la parte occidental de Ruman\u00eda y disfruta de su importancia en t\u00e9rminos de desarrollo econ\u00f3mico, avances culturales y cosmopolitismo. Pero Timi\u0219oara no es solamente una ciudad, sino un estado de \u00e1nimo. Las visitas guiadas que les propongo reflejar\u00e1n esta realidad.\u00a0 Adem\u00e1s, mis rutas est\u00e1n dise\u00f1adas para satisfacer las necesidades\u00a0 del cliente, individual o grupo. Como gu\u00eda nacional de turismo ser\u00eda mi orgullo y placer poder ense\u00f1arle nuestra encantadora y antigua Timi\u0219oara, cuyo verdadero valor es tan poco conocido por los turistas.<\/p>\n<p style=\"text-align: justify;\">Con su permiso, les llevar\u00e9 en un viaje a trav\u00e9s de la historia de Timi\u0219oara como una ciudad reconocida por sus primicias: primera ciudad europea con alumbrado p\u00fablico el\u00e9ctrico, Timisoara aloj\u00f3 la primera biblioteca p\u00fablica del Imperio Habsburgo y del Reino de Hungr\u00eda, y fue la primera ciudad libre de comunismo en Ruman\u00eda.<\/p>\n<p style=\"text-align: justify;\">Sea testigo del legado extranjero con el que cuenta Timi\u0219oara y observe como atesora su multiculturalismo.<\/p>\n<p style=\"text-align: justify;\">Embarque en una aventura de navegaci\u00f3n por el R\u00edo Bega.<\/p>\n<p style=\"text-align: justify;\">Abra sus ojos para las oportunidades de negocios, ya que est\u00e1 en esta regi\u00f3n en pleno desarrollo. No deje que el idioma sea una barrera en su viaje de negocios.<\/p>\n<p style=\"text-align: justify;\">Disfrute de nuestra cerveza local y de la vida nocturna con mi Pub Crawl nocturno por los lugares m\u00e1s alternativos para salir de marcha.<\/p>\n<p style=\"text-align: justify;\">Sigamos juntos las huellas de nuestros h\u00e9roes fallecidos en la revoluci\u00f3n anti-comunista de 1989, a quienes debemos nuestra libertad.<\/p>\n<p style=\"text-align: justify;\">No pierdan la oportunidad de participar en una degustaci\u00f3n de vinos locales en las bodegas cercanas a Timi\u0219oara.<\/p>\n<p>Hagan clic en los <strong>archivos PDF de abajo<\/strong> para una descripci\u00f3n detallada de mis visitas guiadas.<\/p>\n<p>&nbsp;<\/p>\n<p><a href=\"http:\/\/alexandrairimia.com\/PDF\/pdf_web_es_cl\u00e1sico_tarifas.pdf\" target=\"_blank\"><img loading=\"lazy\" decoding=\"async\" style=\"border: 0pt none;\" title=\"pdf3\" src=\"http:\/\/alexandrairimia.com\/wp-content\/uploads\/2012\/01\/1.png\" alt=\"\" width=\"301\" height=\"151\" \/><\/a>\u00a0 \u00a0<a href=\"http:\/\/alexandrairimia.com\/PDF\/pdf_es_revolution.pdf\" target=\"_blank\"><img loading=\"lazy\" decoding=\"async\" style=\"border: 0pt none;\" title=\"pdf2\" src=\"http:\/\/alexandrairimia.com\/wp-content\/uploads\/2012\/01\/3.png\" alt=\"\" width=\"301\" height=\"151\" \/><\/a>\u00a0 \u00a0<a href=\"http:\/\/alexandrairimia.com\/PDF\/pdf_es_pub crawl.pdf\" target=\"_blank\"><img loading=\"lazy\" decoding=\"async\" style=\"border: 0pt none;\" title=\"Timisoara Pub Crawl\" src=\"http:\/\/alexandrairimia.com\/wp-content\/uploads\/2012\/01\/2.png\" alt=\"Timisoara Pub Crawl\" width=\"301\" height=\"151\" \/><\/a><\/p>\n<h3><strong>\u2022 \u00a1 Bienvenidos a Ruman\u00eda!<\/strong><\/h3>\n<p style=\"text-align: justify;\">A petici\u00f3n se pueden organizar <span style=\"color: #000000;\"><a title=\"Via Transylvania Tours\" href=\"http:\/\/www.viatransylvania.com\/guides-and-partners.html\" target=\"_blank\"><span style=\"color: #000000;\"><strong>visitas guiadas nacionales<\/strong><\/span><\/a><\/span>, tanto en el recorrido de su elecci\u00f3n, como a ra\u00edz de un itinerario menos tur\u00edstico y m\u00e1s aut\u00e9ntico que les puedo recomendar en funci\u00f3n de sus intereses y tiempo.<br \/>\n<strong><\/strong><\/p>\n<p style=\"text-align: justify;\"><strong>Servicios de asesoramiento tur\u00edstico y apoyo para info trips<\/strong>\u00a0 para las agencias de viaje tour-operadoras que deseen contactar con agencias de viajes rumanas para montar paquetes tur\u00edsticos con destino a Ruman\u00eda.<\/p>\n<p>&nbsp;<\/p>\n<p>&nbsp;<\/p>\n<p>&nbsp;<\/p>\n<p>[\/tab]<\/p>\n<p>[tab name=&#8217;Galer\u00eda Foto&#8217;]<\/p>\n<p>[iframe scrolling=&#8221;no&#8221; frameborder=&#8221;0&#8243; width=&#8221;920&#8243; \u00a0src=&#8221;http:\/\/alexandrairimia.com\/gallery\/&#8221;]<\/p>\n<p>[\/tab]<\/p>\n<p>[tab name=&#8217;Eventos&#8217;]<\/p>\n<p>[catlist name=webie ]<\/p>\n<p>[\/tab]<br \/>\n[end_tabset]<\/p>\n","protected":false},"excerpt":{"rendered":"<p>[tab name=&#8217;Visitas Gu\u00edadas&#8217;] Asistencia tur\u00edstica (asesoramiento tur\u00edstico y visitas guiadas a nivel nacional en Ingl\u00e9s \u2013 Castellano \u2013 Catal\u00e1n \u2013 Rumano) para turistas, viajes de negocios, cursos y conferencias, eventos culturales\u2026 \u2022 \u00a1 Bienvenidos a Timi\u0219oara! \u00a0Timi\u0219oara, ciudad de las flores, ciudad de los parques, ciudad de las rosas, ciudad m\u00e1rtir, Peque\u00f1a Viena, se encuentra [&hellip;]<\/p>\n","protected":false},"author":1,"featured_media":0,"parent":0,"menu_order":1,"comment_status":"open","ping_status":"closed","template":"","meta":{"ngg_post_thumbnail":0,"footnotes":""},"class_list":["post-315","page","type-page","status-publish","hentry"],"_links":{"self":[{"href":"https:\/\/alexandrairimia.com\/es\/wp-json\/wp\/v2\/pages\/315","targetHints":{"allow":["GET"]}}],"collection":[{"href":"https:\/\/alexandrairimia.com\/es\/wp-json\/wp\/v2\/pages"}],"about":[{"href":"https:\/\/alexandrairimia.com\/es\/wp-json\/wp\/v2\/types\/page"}],"author":[{"embeddable":true,"href":"https:\/\/alexandrairimia.com\/es\/wp-json\/wp\/v2\/users\/1"}],"replies":[{"embeddable":true,"href":"https:\/\/alexandrairimia.com\/es\/wp-json\/wp\/v2\/comments?post=315"}],"version-history":[{"count":11,"href":"https:\/\/alexandrairimia.com\/es\/wp-json\/wp\/v2\/pages\/315\/revisions"}],"predecessor-version":[{"id":317,"href":"https:\/\/alexandrairimia.com\/es\/wp-json\/wp\/v2\/pages\/315\/revisions\/317"}],"wp:attachment":[{"href":"https:\/\/alexandrairimia.com\/es\/wp-json\/wp\/v2\/media?parent=315"}],"curies":[{"name":"wp","href":"https:\/\/api.w.org\/{rel}","templated":true}]}}