{"id":299,"date":"2012-01-08T09:49:15","date_gmt":"2012-01-08T09:49:15","guid":{"rendered":"http:\/\/alexandrairimia.com\/?page_id=299"},"modified":"2021-10-05T16:52:51","modified_gmt":"2021-10-05T14:52:51","slug":"homenaje","status":"publish","type":"page","link":"https:\/\/alexandrairimia.com\/es\/","title":{"rendered":"Sobre m\u00ed"},"content":{"rendered":"\t\t<div data-elementor-type=\"wp-post\" data-elementor-id=\"299\" class=\"elementor elementor-299\">\n\t\t\t\t\t\t\t\t\t<section class=\"elementor-section elementor-top-section elementor-element elementor-element-79a96fe9 elementor-section-boxed elementor-section-height-default elementor-section-height-default\" data-id=\"79a96fe9\" data-element_type=\"section\">\n\t\t\t\t\t\t<div class=\"elementor-container elementor-column-gap-default\">\n\t\t\t\t\t<div class=\"elementor-column elementor-col-100 elementor-top-column elementor-element elementor-element-18ff726d\" data-id=\"18ff726d\" data-element_type=\"column\">\n\t\t\t<div class=\"elementor-widget-wrap elementor-element-populated\">\n\t\t\t\t\t\t\t\t<div class=\"elementor-element elementor-element-3bbce676 elementor-widget elementor-widget-text-editor\" data-id=\"3bbce676\" data-element_type=\"widget\" data-widget_type=\"text-editor.default\">\n\t\t\t\t<div class=\"elementor-widget-container\">\n\t\t\t<style>\/*! elementor - v3.12.1 - 02-04-2023 *\/\n.elementor-widget-text-editor.elementor-drop-cap-view-stacked .elementor-drop-cap{background-color:#69727d;color:#fff}.elementor-widget-text-editor.elementor-drop-cap-view-framed .elementor-drop-cap{color:#69727d;border:3px solid;background-color:transparent}.elementor-widget-text-editor:not(.elementor-drop-cap-view-default) .elementor-drop-cap{margin-top:8px}.elementor-widget-text-editor:not(.elementor-drop-cap-view-default) .elementor-drop-cap-letter{width:1em;height:1em}.elementor-widget-text-editor .elementor-drop-cap{float:left;text-align:center;line-height:1;font-size:50px}.elementor-widget-text-editor .elementor-drop-cap-letter{display:inline-block}<\/style>\t\t\t\t<div id=\"alexandra\">\u00a0<\/div>\n<div id=\"container\">\n<div id=\"left-div\">\n<div id=\"left-inside\"><!--Start Post-->\n<div class=\"post-wrapper\">\n<div style=\"clear: both;\">\u00a0<\/div>\n<div style=\"clear: both;\">\u00a0<\/div>\n<\/div>\n<\/div>\n<div id=\"right-inside\">\u00a0<\/div>\n<div id=\"middle-bottom\">\n<h3><strong>SOBRE M\u00cd<\/strong><\/h3>\n<p>Mi nombre es Alexandra Irimia. Soy licenciada en Ciencias Pol\u00edticas y Comunicaci\u00f3n y tambi\u00e9n tengo un M\u00e1ster en Inmigraci\u00f3n y Educaci\u00f3n Intercultural expedido por la Universidad de Barcelona, Espa\u00f1a.<\/p>\n<p>Actualmente vivo en la hermosa, aunque poco conocida, Timi\u0219oara (Ruman\u00eda), despu\u00e9s de una estancia de 3 a\u00f1os en Espa\u00f1a y una experiencia enriquecedora como voluntaria del SVE, pero tambi\u00e9n como mediadora intercultural, traductora e int\u00e9rprete para los Servicios Sociales y Justicia de Espa\u00f1a. Departamento de la Generalitat de Catalunya.<\/p>\n<p>Siendo un viajero entusiasta y hablante de idiomas extranjeros, ahora trabajo como traductor aut\u00f3nomo, int\u00e9rprete (espa\u00f1ol, catal\u00e1n, ingl\u00e9s y rumano), gu\u00eda tur\u00edstico nacional con licencia y asesor tur\u00edstico para agencias de viajes.<\/p>\n<p>No dude en consultar mi <strong>cartera<\/strong> y <strong>servicios<\/strong>.<\/p>\n<\/div>\n<\/div>\n<!--Begin Sidebar-->\n<div id=\"sidebar\">\u00a0<\/div>\n<\/div>\t\t\t\t\t\t<\/div>\n\t\t\t\t<\/div>\n\t\t\t\t\t<\/div>\n\t\t<\/div>\n\t\t\t\t\t\t\t<\/div>\n\t\t<\/section>\n\t\t\t\t\t\t\t<\/div>\n\t\t","protected":false},"excerpt":{"rendered":"<p>\u00a0 \u00a0 \u00a0 \u00a0 SOBRE M\u00cd Mi nombre es Alexandra Irimia. Soy licenciada en Ciencias Pol\u00edticas y Comunicaci\u00f3n y tambi\u00e9n tengo un M\u00e1ster en Inmigraci\u00f3n y Educaci\u00f3n Intercultural expedido por la Universidad de Barcelona, Espa\u00f1a. Actualmente vivo en la hermosa, aunque poco conocida, Timi\u0219oara (Ruman\u00eda), despu\u00e9s de una estancia de 3 a\u00f1os en Espa\u00f1a y [&hellip;]<\/p>\n","protected":false},"author":1,"featured_media":0,"parent":0,"menu_order":0,"comment_status":"open","ping_status":"open","template":"","meta":{"ngg_post_thumbnail":0,"footnotes":""},"class_list":["post-299","page","type-page","status-publish","hentry"],"_links":{"self":[{"href":"https:\/\/alexandrairimia.com\/es\/wp-json\/wp\/v2\/pages\/299","targetHints":{"allow":["GET"]}}],"collection":[{"href":"https:\/\/alexandrairimia.com\/es\/wp-json\/wp\/v2\/pages"}],"about":[{"href":"https:\/\/alexandrairimia.com\/es\/wp-json\/wp\/v2\/types\/page"}],"author":[{"embeddable":true,"href":"https:\/\/alexandrairimia.com\/es\/wp-json\/wp\/v2\/users\/1"}],"replies":[{"embeddable":true,"href":"https:\/\/alexandrairimia.com\/es\/wp-json\/wp\/v2\/comments?post=299"}],"version-history":[{"count":19,"href":"https:\/\/alexandrairimia.com\/es\/wp-json\/wp\/v2\/pages\/299\/revisions"}],"predecessor-version":[{"id":1637,"href":"https:\/\/alexandrairimia.com\/es\/wp-json\/wp\/v2\/pages\/299\/revisions\/1637"}],"wp:attachment":[{"href":"https:\/\/alexandrairimia.com\/es\/wp-json\/wp\/v2\/media?parent=299"}],"curies":[{"name":"wp","href":"https:\/\/api.w.org\/{rel}","templated":true}]}}